{"id":83,"date":"2023-03-08T17:33:49","date_gmt":"2023-03-08T17:33:49","guid":{"rendered":"https:\/\/cndigital.ar\/wordpress\/?page_id=83"},"modified":"2025-05-02T17:01:11","modified_gmt":"2025-05-02T20:01:11","slug":"productora","status":"publish","type":"page","link":"https:\/\/cndigital.ar\/?page_id=83","title":{"rendered":"Productora"},"content":{"rendered":"\t\t<div data-elementor-type=\"wp-page\" data-elementor-id=\"83\" class=\"elementor elementor-83\">\n\t\t\t\t\t\t<section class=\"elementor-section elementor-top-section elementor-element elementor-element-213d78f elementor-section-boxed elementor-section-height-default elementor-section-height-default\" data-id=\"213d78f\" data-element_type=\"section\">\n\t\t\t\t\t\t<div class=\"elementor-container elementor-column-gap-default\">\n\t\t\t\t\t<div class=\"elementor-column elementor-col-100 elementor-top-column elementor-element elementor-element-64dfa2c\" data-id=\"64dfa2c\" data-element_type=\"column\">\n\t\t\t<div class=\"elementor-widget-wrap elementor-element-populated\">\n\t\t\t\t\t\t<div class=\"elementor-element elementor-element-e305041 elementor-widget elementor-widget-heading\" data-id=\"e305041\" data-element_type=\"widget\" data-widget_type=\"heading.default\">\n\t\t\t\t<div class=\"elementor-widget-container\">\n\t\t\t\t\t<h2 class=\"elementor-heading-title elementor-size-default\">Nuestros estudios propios.<\/h2>\t\t\t\t<\/div>\n\t\t\t\t<\/div>\n\t\t\t\t<div class=\"elementor-element elementor-element-bfe4247 elementor-widget elementor-widget-heading\" data-id=\"bfe4247\" data-element_type=\"widget\" data-widget_type=\"heading.default\">\n\t\t\t\t<div class=\"elementor-widget-container\">\n\t\t\t\t\t<h2 class=\"elementor-heading-title elementor-size-default\">Para contenidos audiovisuales\nen alta definici\u00f3n.<\/h2>\t\t\t\t<\/div>\n\t\t\t\t<\/div>\n\t\t\t\t\t<\/div>\n\t\t<\/div>\n\t\t\t\t\t<\/div>\n\t\t<\/section>\n\t\t\t\t<section class=\"elementor-section elementor-top-section elementor-element elementor-element-a26c6d9 elementor-section-height-min-height elementor-section-boxed elementor-section-height-default elementor-section-items-middle\" data-id=\"a26c6d9\" data-element_type=\"section\">\n\t\t\t\t\t\t<div class=\"elementor-container elementor-column-gap-default\">\n\t\t\t\t\t<div class=\"elementor-column elementor-col-100 elementor-top-column elementor-element elementor-element-f3f8608\" data-id=\"f3f8608\" data-element_type=\"column\">\n\t\t\t<div class=\"elementor-widget-wrap elementor-element-populated\">\n\t\t\t\t\t\t<div class=\"elementor-element elementor-element-88b8641 elementor-widget elementor-widget-gallery\" data-id=\"88b8641\" data-element_type=\"widget\" data-settings=\"{&quot;columns&quot;:3,&quot;aspect_ratio&quot;:&quot;1:1&quot;,&quot;lazyload&quot;:&quot;yes&quot;,&quot;gallery_layout&quot;:&quot;grid&quot;,&quot;columns_tablet&quot;:2,&quot;columns_mobile&quot;:1,&quot;gap&quot;:{&quot;unit&quot;:&quot;px&quot;,&quot;size&quot;:10,&quot;sizes&quot;:[]},&quot;gap_tablet&quot;:{&quot;unit&quot;:&quot;px&quot;,&quot;size&quot;:10,&quot;sizes&quot;:[]},&quot;gap_mobile&quot;:{&quot;unit&quot;:&quot;px&quot;,&quot;size&quot;:10,&quot;sizes&quot;:[]},&quot;link_to&quot;:&quot;file&quot;,&quot;overlay_background&quot;:&quot;yes&quot;,&quot;content_hover_animation&quot;:&quot;fade-in&quot;}\" data-widget_type=\"gallery.default\">\n\t\t\t\t<div class=\"elementor-widget-container\">\n\t\t\t\t\t\t\t<div class=\"elementor-gallery__container\">\n\t\t\t\t\t\t\t<a class=\"e-gallery-item elementor-gallery-item elementor-animated-content\" href=\"https:\/\/cndigital.ar\/wp-content\/uploads\/2023\/03\/8-scaled-1.jpg\" data-elementor-open-lightbox=\"yes\" data-elementor-lightbox-slideshow=\"all-88b8641\" data-elementor-lightbox-title=\"8-scaled\" data-e-action-hash=\"#elementor-action%3Aaction%3Dlightbox%26settings%3DeyJpZCI6MTM0LCJ1cmwiOiJodHRwczpcL1wvY25kaWdpdGFsLmFyXC93cC1jb250ZW50XC91cGxvYWRzXC8yMDIzXC8wM1wvOC1zY2FsZWQtMS5qcGciLCJzbGlkZXNob3ciOiJhbGwtODhiODY0MSJ9\">\n\t\t\t\t\t<div class=\"e-gallery-image elementor-gallery-item__image\" data-thumbnail=\"https:\/\/cndigital.ar\/wp-content\/uploads\/2023\/03\/8-scaled-1.jpg\" data-width=\"2560\" data-height=\"1707\" alt=\"\" ><\/div>\n\t\t\t\t\t\t\t\t\t\t\t<div class=\"elementor-gallery-item__overlay\"><\/div>\n\t\t\t\t\t\t\t\t\t\t\t\t\t\t<\/a>\n\t\t\t\t\t\t\t<a class=\"e-gallery-item elementor-gallery-item elementor-animated-content\" href=\"https:\/\/cndigital.ar\/wp-content\/uploads\/2023\/03\/9-scaled-1.jpeg\" data-elementor-open-lightbox=\"yes\" data-elementor-lightbox-slideshow=\"all-88b8641\" data-elementor-lightbox-title=\"9-scaled\" data-e-action-hash=\"#elementor-action%3Aaction%3Dlightbox%26settings%3DeyJpZCI6MTM1LCJ1cmwiOiJodHRwczpcL1wvY25kaWdpdGFsLmFyXC93cC1jb250ZW50XC91cGxvYWRzXC8yMDIzXC8wM1wvOS1zY2FsZWQtMS5qcGVnIiwic2xpZGVzaG93IjoiYWxsLTg4Yjg2NDEifQ%3D%3D\">\n\t\t\t\t\t<div class=\"e-gallery-image elementor-gallery-item__image\" data-thumbnail=\"https:\/\/cndigital.ar\/wp-content\/uploads\/2023\/03\/9-scaled-1.jpeg\" data-width=\"1000\" data-height=\"750\" alt=\"\" ><\/div>\n\t\t\t\t\t\t\t\t\t\t\t<div class=\"elementor-gallery-item__overlay\"><\/div>\n\t\t\t\t\t\t\t\t\t\t\t\t\t\t<\/a>\n\t\t\t\t\t\t\t<a class=\"e-gallery-item elementor-gallery-item elementor-animated-content\" href=\"https:\/\/cndigital.ar\/wp-content\/uploads\/2023\/03\/15.jpg\" data-elementor-open-lightbox=\"yes\" data-elementor-lightbox-slideshow=\"all-88b8641\" data-elementor-lightbox-title=\"15\" data-e-action-hash=\"#elementor-action%3Aaction%3Dlightbox%26settings%3DeyJpZCI6MTM2LCJ1cmwiOiJodHRwczpcL1wvY25kaWdpdGFsLmFyXC93cC1jb250ZW50XC91cGxvYWRzXC8yMDIzXC8wM1wvMTUuanBnIiwic2xpZGVzaG93IjoiYWxsLTg4Yjg2NDEifQ%3D%3D\">\n\t\t\t\t\t<div class=\"e-gallery-image elementor-gallery-item__image\" data-thumbnail=\"https:\/\/cndigital.ar\/wp-content\/uploads\/2023\/03\/15.jpg\" data-width=\"750\" data-height=\"1000\" alt=\"\" ><\/div>\n\t\t\t\t\t\t\t\t\t\t\t<div class=\"elementor-gallery-item__overlay\"><\/div>\n\t\t\t\t\t\t\t\t\t\t\t\t\t\t<\/a>\n\t\t\t\t\t\t\t<a class=\"e-gallery-item elementor-gallery-item elementor-animated-content\" href=\"https:\/\/cndigital.ar\/wp-content\/uploads\/2023\/03\/mph_8606.jpg\" data-elementor-open-lightbox=\"yes\" data-elementor-lightbox-slideshow=\"all-88b8641\" data-elementor-lightbox-title=\"mph_8606\" data-e-action-hash=\"#elementor-action%3Aaction%3Dlightbox%26settings%3DeyJpZCI6MTM3LCJ1cmwiOiJodHRwczpcL1wvY25kaWdpdGFsLmFyXC93cC1jb250ZW50XC91cGxvYWRzXC8yMDIzXC8wM1wvbXBoXzg2MDYuanBnIiwic2xpZGVzaG93IjoiYWxsLTg4Yjg2NDEifQ%3D%3D\">\n\t\t\t\t\t<div class=\"e-gallery-image elementor-gallery-item__image\" data-thumbnail=\"https:\/\/cndigital.ar\/wp-content\/uploads\/2023\/03\/mph_8606.jpg\" data-width=\"1120\" data-height=\"747\" alt=\"\" ><\/div>\n\t\t\t\t\t\t\t\t\t\t\t<div class=\"elementor-gallery-item__overlay\"><\/div>\n\t\t\t\t\t\t\t\t\t\t\t\t\t\t<\/a>\n\t\t\t\t\t\t\t<a class=\"e-gallery-item elementor-gallery-item elementor-animated-content\" href=\"https:\/\/cndigital.ar\/wp-content\/uploads\/2023\/07\/2-1-1.jpg\" data-elementor-open-lightbox=\"yes\" data-elementor-lightbox-slideshow=\"all-88b8641\" data-elementor-lightbox-title=\"2-(1) (1)\" data-e-action-hash=\"#elementor-action%3Aaction%3Dlightbox%26settings%3DeyJpZCI6MzE2LCJ1cmwiOiJodHRwczpcL1wvY25kaWdpdGFsLmFyXC93cC1jb250ZW50XC91cGxvYWRzXC8yMDIzXC8wN1wvMi0xLTEuanBnIiwic2xpZGVzaG93IjoiYWxsLTg4Yjg2NDEifQ%3D%3D\">\n\t\t\t\t\t<div class=\"e-gallery-image elementor-gallery-item__image\" data-thumbnail=\"https:\/\/cndigital.ar\/wp-content\/uploads\/2023\/07\/2-1-1.jpg\" data-width=\"1920\" data-height=\"1281\" alt=\"\" ><\/div>\n\t\t\t\t\t\t\t\t\t\t\t<div class=\"elementor-gallery-item__overlay\"><\/div>\n\t\t\t\t\t\t\t\t\t\t\t\t\t\t<\/a>\n\t\t\t\t\t\t\t<a class=\"e-gallery-item elementor-gallery-item elementor-animated-content\" href=\"https:\/\/cndigital.ar\/wp-content\/uploads\/2023\/07\/7.jpeg\" data-elementor-open-lightbox=\"yes\" data-elementor-lightbox-slideshow=\"all-88b8641\" data-elementor-lightbox-title=\"7\" data-e-action-hash=\"#elementor-action%3Aaction%3Dlightbox%26settings%3DeyJpZCI6MzE1LCJ1cmwiOiJodHRwczpcL1wvY25kaWdpdGFsLmFyXC93cC1jb250ZW50XC91cGxvYWRzXC8yMDIzXC8wN1wvNy5qcGVnIiwic2xpZGVzaG93IjoiYWxsLTg4Yjg2NDEifQ%3D%3D\">\n\t\t\t\t\t<div class=\"e-gallery-image elementor-gallery-item__image\" data-thumbnail=\"https:\/\/cndigital.ar\/wp-content\/uploads\/2023\/07\/7.jpeg\" data-width=\"2208\" data-height=\"1474\" alt=\"\" ><\/div>\n\t\t\t\t\t\t\t\t\t\t\t<div class=\"elementor-gallery-item__overlay\"><\/div>\n\t\t\t\t\t\t\t\t\t\t\t\t\t\t<\/a>\n\t\t\t\t\t<\/div>\n\t\t\t\t\t<\/div>\n\t\t\t\t<\/div>\n\t\t\t\t\t<\/div>\n\t\t<\/div>\n\t\t\t\t\t<\/div>\n\t\t<\/section>\n\t\t\t\t<section class=\"elementor-section elementor-top-section elementor-element elementor-element-e5b0417 elementor-section-boxed elementor-section-height-default elementor-section-height-default\" data-id=\"e5b0417\" data-element_type=\"section\">\n\t\t\t\t\t\t<div class=\"elementor-container elementor-column-gap-wider\">\n\t\t\t\t\t<div class=\"elementor-column elementor-col-50 elementor-top-column elementor-element elementor-element-f493f1c\" data-id=\"f493f1c\" data-element_type=\"column\">\n\t\t\t<div class=\"elementor-widget-wrap elementor-element-populated\">\n\t\t\t\t\t\t<div class=\"elementor-element elementor-element-cff8034 elementor-widget elementor-widget-heading\" data-id=\"cff8034\" data-element_type=\"widget\" data-widget_type=\"heading.default\">\n\t\t\t\t<div class=\"elementor-widget-container\">\n\t\t\t\t\t<h2 class=\"elementor-heading-title elementor-size-default\">G\u00e1lvez<\/h2>\t\t\t\t<\/div>\n\t\t\t\t<\/div>\n\t\t\t\t<div class=\"elementor-element elementor-element-ad786c8 elementor-widget elementor-widget-text-editor\" data-id=\"ad786c8\" data-element_type=\"widget\" data-widget_type=\"text-editor.default\">\n\t\t\t\t<div class=\"elementor-widget-container\">\n\t\t\t\t\t\t\t\t\t<p>Rivadavia 673<br \/>(03404) 404 040<br \/><a href=\"mailto:productoragz@cablenet.com.ar\">productoragz@cablenet.com.ar<\/a><\/p>\t\t\t\t\t\t\t\t<\/div>\n\t\t\t\t<\/div>\n\t\t\t\t\t<\/div>\n\t\t<\/div>\n\t\t\t\t<div class=\"elementor-column elementor-col-50 elementor-top-column elementor-element elementor-element-4bac605\" data-id=\"4bac605\" data-element_type=\"column\">\n\t\t\t<div class=\"elementor-widget-wrap elementor-element-populated\">\n\t\t\t\t\t\t<div class=\"elementor-element elementor-element-d949ad5 elementor-widget elementor-widget-google_maps\" data-id=\"d949ad5\" data-element_type=\"widget\" data-widget_type=\"google_maps.default\">\n\t\t\t\t<div class=\"elementor-widget-container\">\n\t\t\t\t\t\t\t<div class=\"elementor-custom-embed\">\n\t\t\t<iframe loading=\"lazy\"\n\t\t\t\t\tsrc=\"https:\/\/maps.google.com\/maps?q=Cablenet%20S2252IKJ%2C%20Rivadavia%20673%2C%20G%C3%A1lvez%2C%20Santa%20Fe&#038;t=m&#038;z=15&#038;output=embed&#038;iwloc=near\"\n\t\t\t\t\ttitle=\"Cablenet S2252IKJ, Rivadavia 673, G\u00e1lvez, Santa Fe\"\n\t\t\t\t\taria-label=\"Cablenet S2252IKJ, Rivadavia 673, G\u00e1lvez, Santa Fe\"\n\t\t\t><\/iframe>\n\t\t<\/div>\n\t\t\t\t\t\t<\/div>\n\t\t\t\t<\/div>\n\t\t\t\t\t<\/div>\n\t\t<\/div>\n\t\t\t\t\t<\/div>\n\t\t<\/section>\n\t\t\t\t<section class=\"elementor-section elementor-top-section elementor-element elementor-element-6bb8c67 elementor-section-boxed elementor-section-height-default elementor-section-height-default\" data-id=\"6bb8c67\" data-element_type=\"section\">\n\t\t\t\t\t\t<div class=\"elementor-container elementor-column-gap-wider\">\n\t\t\t\t\t<div class=\"elementor-column elementor-col-50 elementor-top-column elementor-element elementor-element-3f042c1\" data-id=\"3f042c1\" data-element_type=\"column\">\n\t\t\t<div class=\"elementor-widget-wrap elementor-element-populated\">\n\t\t\t\t\t\t<div class=\"elementor-element elementor-element-6e32ae7 elementor-widget elementor-widget-google_maps\" data-id=\"6e32ae7\" data-element_type=\"widget\" data-widget_type=\"google_maps.default\">\n\t\t\t\t<div class=\"elementor-widget-container\">\n\t\t\t\t\t\t\t<div class=\"elementor-custom-embed\">\n\t\t\t<iframe loading=\"lazy\"\n\t\t\t\t\tsrc=\"https:\/\/maps.google.com\/maps?q=Cablenet%20S2252IKJ%2C%20Rivadavia%20673%2C%20G%C3%A1lvez%2C%20Santa%20Fe&#038;t=m&#038;z=15&#038;output=embed&#038;iwloc=near\"\n\t\t\t\t\ttitle=\"Cablenet S2252IKJ, Rivadavia 673, G\u00e1lvez, Santa Fe\"\n\t\t\t\t\taria-label=\"Cablenet S2252IKJ, Rivadavia 673, G\u00e1lvez, Santa Fe\"\n\t\t\t><\/iframe>\n\t\t<\/div>\n\t\t\t\t\t\t<\/div>\n\t\t\t\t<\/div>\n\t\t\t\t\t<\/div>\n\t\t<\/div>\n\t\t\t\t<div class=\"elementor-column elementor-col-50 elementor-top-column elementor-element elementor-element-b301378\" data-id=\"b301378\" data-element_type=\"column\">\n\t\t\t<div class=\"elementor-widget-wrap elementor-element-populated\">\n\t\t\t\t\t\t<div class=\"elementor-element elementor-element-5e769c0 elementor-widget elementor-widget-heading\" data-id=\"5e769c0\" data-element_type=\"widget\" data-widget_type=\"heading.default\">\n\t\t\t\t<div class=\"elementor-widget-container\">\n\t\t\t\t\t<h2 class=\"elementor-heading-title elementor-size-default\">San Vicente<\/h2>\t\t\t\t<\/div>\n\t\t\t\t<\/div>\n\t\t\t\t<div class=\"elementor-element elementor-element-68c59d2 elementor-widget elementor-widget-text-editor\" data-id=\"68c59d2\" data-element_type=\"widget\" data-widget_type=\"text-editor.default\">\n\t\t\t\t<div class=\"elementor-widget-container\">\n\t\t\t\t\t\t\t\t\t<p>Bv. San Mart\u00edn 312<br \/>(03492) 415-736<br \/><a href=\"mailto:productorasv@cablenet.com.ar\">productorasv@cablenet.com.ar<\/a><\/p>\t\t\t\t\t\t\t\t<\/div>\n\t\t\t\t<\/div>\n\t\t\t\t\t<\/div>\n\t\t<\/div>\n\t\t\t\t\t<\/div>\n\t\t<\/section>\n\t\t\t\t<section class=\"elementor-section elementor-top-section elementor-element elementor-element-b6a01c1 elementor-section-full_width elementor-section-height-min-height elementor-section-stretched elementor-section-height-default elementor-section-items-middle\" data-id=\"b6a01c1\" data-element_type=\"section\" data-settings=\"{&quot;stretch_section&quot;:&quot;section-stretched&quot;,&quot;background_background&quot;:&quot;classic&quot;}\">\n\t\t\t\t\t\t<div class=\"elementor-container elementor-column-gap-default\">\n\t\t\t\t\t<div class=\"elementor-column elementor-col-100 elementor-top-column elementor-element elementor-element-445a040\" data-id=\"445a040\" data-element_type=\"column\">\n\t\t\t<div class=\"elementor-widget-wrap elementor-element-populated\">\n\t\t\t\t\t\t<section class=\"elementor-section elementor-inner-section elementor-element elementor-element-74afc9d elementor-section-boxed elementor-section-height-default elementor-section-height-default\" data-id=\"74afc9d\" data-element_type=\"section\">\n\t\t\t\t\t\t<div class=\"elementor-container elementor-column-gap-default\">\n\t\t\t\t\t<div class=\"elementor-column elementor-col-100 elementor-inner-column elementor-element elementor-element-e126348\" data-id=\"e126348\" data-element_type=\"column\">\n\t\t\t<div class=\"elementor-widget-wrap elementor-element-populated\">\n\t\t\t\t\t\t<div class=\"elementor-element elementor-element-00b869a elementor-widget elementor-widget-heading\" data-id=\"00b869a\" data-element_type=\"widget\" data-widget_type=\"heading.default\">\n\t\t\t\t<div class=\"elementor-widget-container\">\n\t\t\t\t\t<h2 class=\"elementor-heading-title elementor-size-default\">\u00bfNecesitas ayuda?<\/h2>\t\t\t\t<\/div>\n\t\t\t\t<\/div>\n\t\t\t\t<div class=\"elementor-element elementor-element-885240d elementor-widget elementor-widget-heading\" data-id=\"885240d\" data-element_type=\"widget\" data-widget_type=\"heading.default\">\n\t\t\t\t<div class=\"elementor-widget-container\">\n\t\t\t\t\t<h2 class=\"elementor-heading-title elementor-size-default\">Contactate con nosotros.<\/h2>\t\t\t\t<\/div>\n\t\t\t\t<\/div>\n\t\t\t\t<div class=\"elementor-element elementor-element-956cada elementor-align-center elementor-widget elementor-widget-button\" data-id=\"956cada\" data-element_type=\"widget\" data-widget_type=\"button.default\">\n\t\t\t\t<div class=\"elementor-widget-container\">\n\t\t\t\t\t\t\t\t\t<div class=\"elementor-button-wrapper\">\n\t\t\t\t\t<a class=\"elementor-button elementor-button-link elementor-size-md\" href=\"#\">\n\t\t\t\t\t\t<span class=\"elementor-button-content-wrapper\">\n\t\t\t\t\t\t\t\t\t<span class=\"elementor-button-text\">Escribinos<\/span>\n\t\t\t\t\t<\/span>\n\t\t\t\t\t<\/a>\n\t\t\t\t<\/div>\n\t\t\t\t\t\t\t\t<\/div>\n\t\t\t\t<\/div>\n\t\t\t\t\t<\/div>\n\t\t<\/div>\n\t\t\t\t\t<\/div>\n\t\t<\/section>\n\t\t\t\t\t<\/div>\n\t\t<\/div>\n\t\t\t\t\t<\/div>\n\t\t<\/section>\n\t\t\t\t<\/div>\n\t\t","protected":false},"excerpt":{"rendered":"<p>Nuestros estudios propios. Para contenidos audiovisuales en alta definici\u00f3n. G\u00e1lvez Rivadavia 673(03404) 404 040productoragz@cablenet.com.ar San Vicente Bv. San Mart\u00edn 312(03492) 415-736productorasv@cablenet.com.ar \u00bfNecesitas ayuda? Contactate con nosotros. Escribinos<\/p>\n","protected":false},"author":1,"featured_media":0,"parent":0,"menu_order":0,"comment_status":"closed","ping_status":"closed","template":"","meta":{"footnotes":""},"class_list":["post-83","page","type-page","status-publish","hentry"],"yoast_head":"<!-- This site is optimized with the Yoast SEO plugin v25.0 - https:\/\/yoast.com\/wordpress\/plugins\/seo\/ -->\n<title>Productora - CN Digital<\/title>\n<meta name=\"robots\" content=\"index, follow, max-snippet:-1, max-image-preview:large, max-video-preview:-1\" \/>\n<link rel=\"canonical\" href=\"https:\/\/cndigital.ar\/?page_id=83\" \/>\n<meta property=\"og:locale\" content=\"es_ES\" \/>\n<meta property=\"og:type\" content=\"article\" \/>\n<meta property=\"og:title\" content=\"Productora - CN Digital\" \/>\n<meta property=\"og:description\" content=\"Nuestros estudios propios. Para contenidos audiovisuales en alta definici\u00f3n. G\u00e1lvez Rivadavia 673(03404) 404 040productoragz@cablenet.com.ar San Vicente Bv. San Mart\u00edn 312(03492) 415-736productorasv@cablenet.com.ar \u00bfNecesitas ayuda? Contactate con nosotros. Escribinos\" \/>\n<meta property=\"og:url\" content=\"https:\/\/cndigital.ar\/?page_id=83\" \/>\n<meta property=\"og:site_name\" content=\"CN Digital\" \/>\n<meta property=\"article:modified_time\" content=\"2025-05-02T20:01:11+00:00\" \/>\n<meta name=\"twitter:card\" content=\"summary_large_image\" \/>\n<meta name=\"twitter:label1\" content=\"Tiempo de lectura\" \/>\n\t<meta name=\"twitter:data1\" content=\"1 minuto\" \/>\n<script type=\"application\/ld+json\" class=\"yoast-schema-graph\">{\"@context\":\"https:\/\/schema.org\",\"@graph\":[{\"@type\":\"WebPage\",\"@id\":\"https:\/\/cndigital.ar\/?page_id=83\",\"url\":\"https:\/\/cndigital.ar\/?page_id=83\",\"name\":\"Productora - CN Digital\",\"isPartOf\":{\"@id\":\"https:\/\/cndigital.ar\/#website\"},\"datePublished\":\"2023-03-08T17:33:49+00:00\",\"dateModified\":\"2025-05-02T20:01:11+00:00\",\"breadcrumb\":{\"@id\":\"https:\/\/cndigital.ar\/?page_id=83#breadcrumb\"},\"inLanguage\":\"es\",\"potentialAction\":[{\"@type\":\"ReadAction\",\"target\":[\"https:\/\/cndigital.ar\/?page_id=83\"]}]},{\"@type\":\"BreadcrumbList\",\"@id\":\"https:\/\/cndigital.ar\/?page_id=83#breadcrumb\",\"itemListElement\":[{\"@type\":\"ListItem\",\"position\":1,\"name\":\"Portada\",\"item\":\"https:\/\/cndigital.ar\/\"},{\"@type\":\"ListItem\",\"position\":2,\"name\":\"Productora\"}]},{\"@type\":\"WebSite\",\"@id\":\"https:\/\/cndigital.ar\/#website\",\"url\":\"https:\/\/cndigital.ar\/\",\"name\":\"CN Digital\",\"description\":\"Productora de Contenidos para Cablenet SA\",\"publisher\":{\"@id\":\"https:\/\/cndigital.ar\/#organization\"},\"potentialAction\":[{\"@type\":\"SearchAction\",\"target\":{\"@type\":\"EntryPoint\",\"urlTemplate\":\"https:\/\/cndigital.ar\/?s={search_term_string}\"},\"query-input\":{\"@type\":\"PropertyValueSpecification\",\"valueRequired\":true,\"valueName\":\"search_term_string\"}}],\"inLanguage\":\"es\"},{\"@type\":\"Organization\",\"@id\":\"https:\/\/cndigital.ar\/#organization\",\"name\":\"CN Digital\",\"url\":\"https:\/\/cndigital.ar\/\",\"logo\":{\"@type\":\"ImageObject\",\"inLanguage\":\"es\",\"@id\":\"https:\/\/cndigital.ar\/#\/schema\/logo\/image\/\",\"url\":\"https:\/\/cndigital.ar\/wp-content\/uploads\/2023\/03\/Logo_svg.svg\",\"contentUrl\":\"https:\/\/cndigital.ar\/wp-content\/uploads\/2023\/03\/Logo_svg.svg\",\"width\":175,\"height\":145,\"caption\":\"CN Digital\"},\"image\":{\"@id\":\"https:\/\/cndigital.ar\/#\/schema\/logo\/image\/\"}}]}<\/script>\n<!-- \/ Yoast SEO plugin. -->","yoast_head_json":{"title":"Productora - CN Digital","robots":{"index":"index","follow":"follow","max-snippet":"max-snippet:-1","max-image-preview":"max-image-preview:large","max-video-preview":"max-video-preview:-1"},"canonical":"https:\/\/cndigital.ar\/?page_id=83","og_locale":"es_ES","og_type":"article","og_title":"Productora - CN Digital","og_description":"Nuestros estudios propios. Para contenidos audiovisuales en alta definici\u00f3n. G\u00e1lvez Rivadavia 673(03404) 404 040productoragz@cablenet.com.ar San Vicente Bv. San Mart\u00edn 312(03492) 415-736productorasv@cablenet.com.ar \u00bfNecesitas ayuda? Contactate con nosotros. Escribinos","og_url":"https:\/\/cndigital.ar\/?page_id=83","og_site_name":"CN Digital","article_modified_time":"2025-05-02T20:01:11+00:00","twitter_card":"summary_large_image","twitter_misc":{"Tiempo de lectura":"1 minuto"},"schema":{"@context":"https:\/\/schema.org","@graph":[{"@type":"WebPage","@id":"https:\/\/cndigital.ar\/?page_id=83","url":"https:\/\/cndigital.ar\/?page_id=83","name":"Productora - CN Digital","isPartOf":{"@id":"https:\/\/cndigital.ar\/#website"},"datePublished":"2023-03-08T17:33:49+00:00","dateModified":"2025-05-02T20:01:11+00:00","breadcrumb":{"@id":"https:\/\/cndigital.ar\/?page_id=83#breadcrumb"},"inLanguage":"es","potentialAction":[{"@type":"ReadAction","target":["https:\/\/cndigital.ar\/?page_id=83"]}]},{"@type":"BreadcrumbList","@id":"https:\/\/cndigital.ar\/?page_id=83#breadcrumb","itemListElement":[{"@type":"ListItem","position":1,"name":"Portada","item":"https:\/\/cndigital.ar\/"},{"@type":"ListItem","position":2,"name":"Productora"}]},{"@type":"WebSite","@id":"https:\/\/cndigital.ar\/#website","url":"https:\/\/cndigital.ar\/","name":"CN Digital","description":"Productora de Contenidos para Cablenet SA","publisher":{"@id":"https:\/\/cndigital.ar\/#organization"},"potentialAction":[{"@type":"SearchAction","target":{"@type":"EntryPoint","urlTemplate":"https:\/\/cndigital.ar\/?s={search_term_string}"},"query-input":{"@type":"PropertyValueSpecification","valueRequired":true,"valueName":"search_term_string"}}],"inLanguage":"es"},{"@type":"Organization","@id":"https:\/\/cndigital.ar\/#organization","name":"CN Digital","url":"https:\/\/cndigital.ar\/","logo":{"@type":"ImageObject","inLanguage":"es","@id":"https:\/\/cndigital.ar\/#\/schema\/logo\/image\/","url":"https:\/\/cndigital.ar\/wp-content\/uploads\/2023\/03\/Logo_svg.svg","contentUrl":"https:\/\/cndigital.ar\/wp-content\/uploads\/2023\/03\/Logo_svg.svg","width":175,"height":145,"caption":"CN Digital"},"image":{"@id":"https:\/\/cndigital.ar\/#\/schema\/logo\/image\/"}}]}},"_links":{"self":[{"href":"https:\/\/cndigital.ar\/index.php?rest_route=\/wp\/v2\/pages\/83","targetHints":{"allow":["GET"]}}],"collection":[{"href":"https:\/\/cndigital.ar\/index.php?rest_route=\/wp\/v2\/pages"}],"about":[{"href":"https:\/\/cndigital.ar\/index.php?rest_route=\/wp\/v2\/types\/page"}],"author":[{"embeddable":true,"href":"https:\/\/cndigital.ar\/index.php?rest_route=\/wp\/v2\/users\/1"}],"replies":[{"embeddable":true,"href":"https:\/\/cndigital.ar\/index.php?rest_route=%2Fwp%2Fv2%2Fcomments&post=83"}],"version-history":[{"count":37,"href":"https:\/\/cndigital.ar\/index.php?rest_route=\/wp\/v2\/pages\/83\/revisions"}],"predecessor-version":[{"id":352,"href":"https:\/\/cndigital.ar\/index.php?rest_route=\/wp\/v2\/pages\/83\/revisions\/352"}],"wp:attachment":[{"href":"https:\/\/cndigital.ar\/index.php?rest_route=%2Fwp%2Fv2%2Fmedia&parent=83"}],"curies":[{"name":"wp","href":"https:\/\/api.w.org\/{rel}","templated":true}]}}