{"id":39,"date":"2023-03-08T15:04:30","date_gmt":"2023-03-08T15:04:30","guid":{"rendered":"https:\/\/cndigital.ar\/wordpress\/?page_id=39"},"modified":"2025-05-02T16:49:56","modified_gmt":"2025-05-02T19:49:56","slug":"home","status":"publish","type":"page","link":"https:\/\/cndigital.ar\/","title":{"rendered":"Home"},"content":{"rendered":"\t\t<div data-elementor-type=\"wp-page\" data-elementor-id=\"39\" class=\"elementor elementor-39\">\n\t\t\t\t\t\t<section class=\"elementor-section elementor-top-section elementor-element elementor-element-bb6eab4 elementor-section-height-min-height elementor-section-boxed elementor-section-height-default elementor-section-items-middle\" data-id=\"bb6eab4\" data-element_type=\"section\" data-settings=\"{&quot;background_background&quot;:&quot;classic&quot;}\">\n\t\t\t\t\t\t<div class=\"elementor-container elementor-column-gap-default\">\n\t\t\t\t\t<div class=\"elementor-column elementor-col-100 elementor-top-column elementor-element elementor-element-fa06132\" data-id=\"fa06132\" data-element_type=\"column\">\n\t\t\t<div class=\"elementor-widget-wrap elementor-element-populated\">\n\t\t\t\t\t\t<div class=\"elementor-element elementor-element-3995d30 elementor-widget elementor-widget-heading\" data-id=\"3995d30\" data-element_type=\"widget\" data-widget_type=\"heading.default\">\n\t\t\t\t<div class=\"elementor-widget-container\">\n\t\t\t\t\t<h2 class=\"elementor-heading-title elementor-size-default\">Te acompa\u00f1amos en<\/h2>\t\t\t\t<\/div>\n\t\t\t\t<\/div>\n\t\t\t\t<div class=\"elementor-element elementor-element-be9168d elementor-widget elementor-widget-heading\" data-id=\"be9168d\" data-element_type=\"widget\" data-widget_type=\"heading.default\">\n\t\t\t\t<div class=\"elementor-widget-container\">\n\t\t\t\t\t<h2 class=\"elementor-heading-title elementor-size-default\">tus proyectos audiovisuales.<\/h2>\t\t\t\t<\/div>\n\t\t\t\t<\/div>\n\t\t\t\t\t<\/div>\n\t\t<\/div>\n\t\t\t\t\t<\/div>\n\t\t<\/section>\n\t\t\t\t<section class=\"elementor-section elementor-top-section elementor-element elementor-element-09bacfc elementor-section-height-min-height elementor-section-boxed elementor-section-height-default elementor-section-items-middle\" data-id=\"09bacfc\" data-element_type=\"section\" data-settings=\"{&quot;background_background&quot;:&quot;classic&quot;}\">\n\t\t\t\t\t\t<div class=\"elementor-container elementor-column-gap-default\">\n\t\t\t\t\t<div class=\"elementor-column elementor-col-100 elementor-top-column elementor-element elementor-element-ac3be5a\" data-id=\"ac3be5a\" data-element_type=\"column\">\n\t\t\t<div class=\"elementor-widget-wrap elementor-element-populated\">\n\t\t\t\t\t\t<div class=\"elementor-element elementor-element-8df1646 elementor-widget elementor-widget-text-editor\" data-id=\"8df1646\" data-element_type=\"widget\" data-widget_type=\"text-editor.default\">\n\t\t\t\t<div class=\"elementor-widget-container\">\n\t\t\t\t\t\t\t\t\t<p>Somos <span style=\"color: #ef7403;\">apasionados<\/span> por la producci\u00f3n y realizaci\u00f3n de contenidos para Televisi\u00f3n lineal y por streaming.<\/p>\t\t\t\t\t\t\t\t<\/div>\n\t\t\t\t<\/div>\n\t\t\t\t<section class=\"elementor-section elementor-inner-section elementor-element elementor-element-310c8ff elementor-section-boxed elementor-section-height-default elementor-section-height-default\" data-id=\"310c8ff\" data-element_type=\"section\">\n\t\t\t\t\t\t<div class=\"elementor-container elementor-column-gap-wider\">\n\t\t\t\t\t<div class=\"elementor-column elementor-col-50 elementor-inner-column elementor-element elementor-element-1966b19\" data-id=\"1966b19\" data-element_type=\"column\">\n\t\t\t<div class=\"elementor-widget-wrap elementor-element-populated\">\n\t\t\t\t\t\t<div class=\"elementor-element elementor-element-637e286 elementor-widget elementor-widget-heading\" data-id=\"637e286\" data-element_type=\"widget\" data-widget_type=\"heading.default\">\n\t\t\t\t<div class=\"elementor-widget-container\">\n\t\t\t\t\t<h2 class=\"elementor-heading-title elementor-size-default\">4K<\/h2>\t\t\t\t<\/div>\n\t\t\t\t<\/div>\n\t\t\t\t<div class=\"elementor-element elementor-element-82888b2 elementor-widget elementor-widget-text-editor\" data-id=\"82888b2\" data-element_type=\"widget\" data-widget_type=\"text-editor.default\">\n\t\t\t\t<div class=\"elementor-widget-container\">\n\t\t\t\t\t\t\t\t\t<p>Nuestros m\u00f3viles de exteriores est\u00e1n equipados con la mejor <span style=\"color: #ef7403;\">tecnolog\u00eda 4K.<\/span><\/p>\t\t\t\t\t\t\t\t<\/div>\n\t\t\t\t<\/div>\n\t\t\t\t\t<\/div>\n\t\t<\/div>\n\t\t\t\t<div class=\"elementor-column elementor-col-50 elementor-inner-column elementor-element elementor-element-bb471f5\" data-id=\"bb471f5\" data-element_type=\"column\">\n\t\t\t<div class=\"elementor-widget-wrap elementor-element-populated\">\n\t\t\t\t\t\t<div class=\"elementor-element elementor-element-d7f33f6 elementor-widget elementor-widget-heading\" data-id=\"d7f33f6\" data-element_type=\"widget\" data-widget_type=\"heading.default\">\n\t\t\t\t<div class=\"elementor-widget-container\">\n\t\t\t\t\t<h2 class=\"elementor-heading-title elementor-size-default\">4G<\/h2>\t\t\t\t<\/div>\n\t\t\t\t<\/div>\n\t\t\t\t<div class=\"elementor-element elementor-element-49d0c1d elementor-widget elementor-widget-text-editor\" data-id=\"49d0c1d\" data-element_type=\"widget\" data-widget_type=\"text-editor.default\">\n\t\t\t\t<div class=\"elementor-widget-container\">\n\t\t\t\t\t\t\t\t\t<p>Contamos con drones y mochilas para <span style=\"color: #ef7403;\">transmisiones v\u00eda 4G.<\/span><\/p>\t\t\t\t\t\t\t\t<\/div>\n\t\t\t\t<\/div>\n\t\t\t\t\t<\/div>\n\t\t<\/div>\n\t\t\t\t\t<\/div>\n\t\t<\/section>\n\t\t\t\t<div class=\"elementor-element elementor-element-2924a8c elementor-widget elementor-widget-image\" data-id=\"2924a8c\" data-element_type=\"widget\" data-widget_type=\"image.default\">\n\t\t\t\t<div class=\"elementor-widget-container\">\n\t\t\t\t\t\t\t\t\t\t\t\t\t\t\t<img decoding=\"async\" width=\"758\" height=\"10\" src=\"https:\/\/cndigital.ar\/wp-content\/uploads\/2023\/03\/separate.svg\" class=\"attachment-full size-full wp-image-96\" alt=\"\" \/>\t\t\t\t\t\t\t\t\t\t\t\t\t\t\t<\/div>\n\t\t\t\t<\/div>\n\t\t\t\t<section class=\"elementor-section elementor-inner-section elementor-element elementor-element-b055f50 elementor-section-boxed elementor-section-height-default elementor-section-height-default\" data-id=\"b055f50\" data-element_type=\"section\">\n\t\t\t\t\t\t<div class=\"elementor-container elementor-column-gap-wider\">\n\t\t\t\t\t<div class=\"elementor-column elementor-col-100 elementor-inner-column elementor-element elementor-element-5f20022\" data-id=\"5f20022\" data-element_type=\"column\">\n\t\t\t<div class=\"elementor-widget-wrap elementor-element-populated\">\n\t\t\t\t\t\t<div class=\"elementor-element elementor-element-2c8c044 elementor-widget elementor-widget-heading\" data-id=\"2c8c044\" data-element_type=\"widget\" data-widget_type=\"heading.default\">\n\t\t\t\t<div class=\"elementor-widget-container\">\n\t\t\t\t\t<h2 class=\"elementor-heading-title elementor-size-default\">Montamos un estudio de televisi\u00f3n<\/h2>\t\t\t\t<\/div>\n\t\t\t\t<\/div>\n\t\t\t\t<div class=\"elementor-element elementor-element-4b18a56 elementor-widget elementor-widget-heading\" data-id=\"4b18a56\" data-element_type=\"widget\" data-widget_type=\"heading.default\">\n\t\t\t\t<div class=\"elementor-widget-container\">\n\t\t\t\t\t<h2 class=\"elementor-heading-title elementor-size-default\">en donde lo necesites.<\/h2>\t\t\t\t<\/div>\n\t\t\t\t<\/div>\n\t\t\t\t<div class=\"elementor-element elementor-element-1452953 elementor-widget elementor-widget-text-editor\" data-id=\"1452953\" data-element_type=\"widget\" data-widget_type=\"text-editor.default\">\n\t\t\t\t<div class=\"elementor-widget-container\">\n\t\t\t\t\t\t\t\t\t<p>Generamos programas para canales de Televisi\u00f3n desde nuestros estudios y realizamos la cobertura de eventos en todo el pa\u00eds.<\/p>\t\t\t\t\t\t\t\t<\/div>\n\t\t\t\t<\/div>\n\t\t\t\t\t<\/div>\n\t\t<\/div>\n\t\t\t\t\t<\/div>\n\t\t<\/section>\n\t\t\t\t\t<\/div>\n\t\t<\/div>\n\t\t\t\t\t<\/div>\n\t\t<\/section>\n\t\t\t\t<section class=\"elementor-section elementor-top-section elementor-element elementor-element-3dde18c elementor-section-height-min-height elementor-section-boxed elementor-section-height-default elementor-section-items-middle\" data-id=\"3dde18c\" data-element_type=\"section\" data-settings=\"{&quot;background_background&quot;:&quot;classic&quot;}\">\n\t\t\t\t\t\t<div class=\"elementor-container elementor-column-gap-default\">\n\t\t\t\t\t<div class=\"elementor-column elementor-col-100 elementor-top-column elementor-element elementor-element-1f50b74\" data-id=\"1f50b74\" data-element_type=\"column\">\n\t\t\t<div class=\"elementor-widget-wrap\">\n\t\t\t\t\t\t\t<\/div>\n\t\t<\/div>\n\t\t\t\t\t<\/div>\n\t\t<\/section>\n\t\t\t\t<section class=\"elementor-section elementor-top-section elementor-element elementor-element-b41e4e4 elementor-section-height-min-height elementor-section-boxed elementor-section-height-default elementor-section-items-middle\" data-id=\"b41e4e4\" data-element_type=\"section\" data-settings=\"{&quot;background_background&quot;:&quot;classic&quot;}\">\n\t\t\t\t\t\t<div class=\"elementor-container elementor-column-gap-default\">\n\t\t\t\t\t<div class=\"elementor-column elementor-col-100 elementor-top-column elementor-element elementor-element-b684e3c\" data-id=\"b684e3c\" data-element_type=\"column\">\n\t\t\t<div class=\"elementor-widget-wrap elementor-element-populated\">\n\t\t\t\t\t\t<div class=\"elementor-element elementor-element-0eb8bb0 elementor-align-center elementor-widget elementor-widget-button\" data-id=\"0eb8bb0\" data-element_type=\"widget\" data-widget_type=\"button.default\">\n\t\t\t\t<div class=\"elementor-widget-container\">\n\t\t\t\t\t\t\t\t\t<div class=\"elementor-button-wrapper\">\n\t\t\t\t\t<a class=\"elementor-button elementor-button-link elementor-size-md\" href=\"https:\/\/cndigital.ar\/?page_id=184\">\n\t\t\t\t\t\t<span class=\"elementor-button-content-wrapper\">\n\t\t\t\t\t\t\t\t\t<span class=\"elementor-button-text\">Mir\u00e1 nuestros proyectos<\/span>\n\t\t\t\t\t<\/span>\n\t\t\t\t\t<\/a>\n\t\t\t\t<\/div>\n\t\t\t\t\t\t\t\t<\/div>\n\t\t\t\t<\/div>\n\t\t\t\t<div class=\"elementor-element elementor-element-1041002 elementor-widget elementor-widget-text-editor\" data-id=\"1041002\" data-element_type=\"widget\" data-widget_type=\"text-editor.default\">\n\t\t\t\t<div class=\"elementor-widget-container\">\n\t\t\t\t\t\t\t\t\t<p>Tenemos el <span style=\"color: #ef7403;\">conocimiento<\/span> y la <span style=\"color: #ef7403;\">experiencia<\/span> para asegurar la calidad y el profesionalismo de nuestro trabajo.<\/p>\t\t\t\t\t\t\t\t<\/div>\n\t\t\t\t<\/div>\n\t\t\t\t<div class=\"elementor-element elementor-element-d18c997 elementor-widget elementor-widget-image\" data-id=\"d18c997\" data-element_type=\"widget\" data-widget_type=\"image.default\">\n\t\t\t\t<div class=\"elementor-widget-container\">\n\t\t\t\t\t\t\t\t\t\t\t\t\t\t\t<img decoding=\"async\" width=\"758\" height=\"10\" src=\"https:\/\/cndigital.ar\/wp-content\/uploads\/2023\/03\/separate.svg\" class=\"attachment-full size-full wp-image-96\" alt=\"\" \/>\t\t\t\t\t\t\t\t\t\t\t\t\t\t\t<\/div>\n\t\t\t\t<\/div>\n\t\t\t\t<section class=\"elementor-section elementor-inner-section elementor-element elementor-element-fa8e346 elementor-section-boxed elementor-section-height-default elementor-section-height-default\" data-id=\"fa8e346\" data-element_type=\"section\">\n\t\t\t\t\t\t<div class=\"elementor-container elementor-column-gap-wider\">\n\t\t\t\t\t<div class=\"elementor-column elementor-col-100 elementor-inner-column elementor-element elementor-element-3e4ddc2\" data-id=\"3e4ddc2\" data-element_type=\"column\">\n\t\t\t<div class=\"elementor-widget-wrap elementor-element-populated\">\n\t\t\t\t\t\t<div class=\"elementor-element elementor-element-824c868 elementor-widget elementor-widget-heading\" data-id=\"824c868\" data-element_type=\"widget\" data-widget_type=\"heading.default\">\n\t\t\t\t<div class=\"elementor-widget-container\">\n\t\t\t\t\t<h2 class=\"elementor-heading-title elementor-size-default\">Todo el tiempo junto a vos<\/h2>\t\t\t\t<\/div>\n\t\t\t\t<\/div>\n\t\t\t\t<div class=\"elementor-element elementor-element-74e81d9 elementor-widget elementor-widget-heading\" data-id=\"74e81d9\" data-element_type=\"widget\" data-widget_type=\"heading.default\">\n\t\t\t\t<div class=\"elementor-widget-container\">\n\t\t\t\t\t<h2 class=\"elementor-heading-title elementor-size-default\">potenciando tu idea.<\/h2>\t\t\t\t<\/div>\n\t\t\t\t<\/div>\n\t\t\t\t\t<\/div>\n\t\t<\/div>\n\t\t\t\t\t<\/div>\n\t\t<\/section>\n\t\t\t\t\t<\/div>\n\t\t<\/div>\n\t\t\t\t\t<\/div>\n\t\t<\/section>\n\t\t\t\t<\/div>\n\t\t","protected":false},"excerpt":{"rendered":"<p>Te acompa\u00f1amos en tus proyectos audiovisuales. Somos apasionados por la producci\u00f3n y realizaci\u00f3n de contenidos para Televisi\u00f3n lineal y por streaming. 4K Nuestros m\u00f3viles de exteriores est\u00e1n equipados con la mejor tecnolog\u00eda 4K. 4G Contamos con drones y mochilas para transmisiones v\u00eda 4G. Montamos un estudio de televisi\u00f3n en donde lo necesites. Generamos programas para [&hellip;]<\/p>\n","protected":false},"author":1,"featured_media":0,"parent":0,"menu_order":0,"comment_status":"closed","ping_status":"closed","template":"","meta":{"footnotes":""},"class_list":["post-39","page","type-page","status-publish","hentry"],"yoast_head":"<!-- This site is optimized with the Yoast SEO plugin v25.0 - https:\/\/yoast.com\/wordpress\/plugins\/seo\/ -->\n<title>Home - CN Digital<\/title>\n<meta name=\"robots\" content=\"index, follow, max-snippet:-1, max-image-preview:large, max-video-preview:-1\" \/>\n<link rel=\"canonical\" href=\"https:\/\/cndigital.ar\/\" \/>\n<meta property=\"og:locale\" content=\"es_ES\" \/>\n<meta property=\"og:type\" content=\"article\" \/>\n<meta property=\"og:title\" content=\"Home - CN Digital\" \/>\n<meta property=\"og:description\" content=\"Te acompa\u00f1amos en tus proyectos audiovisuales. Somos apasionados por la producci\u00f3n y realizaci\u00f3n de contenidos para Televisi\u00f3n lineal y por streaming. 4K Nuestros m\u00f3viles de exteriores est\u00e1n equipados con la mejor tecnolog\u00eda 4K. 4G Contamos con drones y mochilas para transmisiones v\u00eda 4G. Montamos un estudio de televisi\u00f3n en donde lo necesites. Generamos programas para [&hellip;]\" \/>\n<meta property=\"og:url\" content=\"https:\/\/cndigital.ar\/\" \/>\n<meta property=\"og:site_name\" content=\"CN Digital\" \/>\n<meta property=\"article:modified_time\" content=\"2025-05-02T19:49:56+00:00\" \/>\n<meta name=\"twitter:card\" content=\"summary_large_image\" \/>\n<meta name=\"twitter:label1\" content=\"Tiempo de lectura\" \/>\n\t<meta name=\"twitter:data1\" content=\"1 minuto\" \/>\n<script type=\"application\/ld+json\" class=\"yoast-schema-graph\">{\"@context\":\"https:\/\/schema.org\",\"@graph\":[{\"@type\":\"WebPage\",\"@id\":\"https:\/\/cndigital.ar\/\",\"url\":\"https:\/\/cndigital.ar\/\",\"name\":\"Home - CN Digital\",\"isPartOf\":{\"@id\":\"https:\/\/cndigital.ar\/#website\"},\"primaryImageOfPage\":{\"@id\":\"https:\/\/cndigital.ar\/#primaryimage\"},\"image\":{\"@id\":\"https:\/\/cndigital.ar\/#primaryimage\"},\"thumbnailUrl\":\"https:\/\/cndigital.ar\/wp-content\/uploads\/2023\/03\/separate.svg\",\"datePublished\":\"2023-03-08T15:04:30+00:00\",\"dateModified\":\"2025-05-02T19:49:56+00:00\",\"breadcrumb\":{\"@id\":\"https:\/\/cndigital.ar\/#breadcrumb\"},\"inLanguage\":\"es\",\"potentialAction\":[{\"@type\":\"ReadAction\",\"target\":[\"https:\/\/cndigital.ar\/\"]}]},{\"@type\":\"ImageObject\",\"inLanguage\":\"es\",\"@id\":\"https:\/\/cndigital.ar\/#primaryimage\",\"url\":\"https:\/\/cndigital.ar\/wp-content\/uploads\/2023\/03\/separate.svg\",\"contentUrl\":\"https:\/\/cndigital.ar\/wp-content\/uploads\/2023\/03\/separate.svg\",\"width\":758,\"height\":10},{\"@type\":\"BreadcrumbList\",\"@id\":\"https:\/\/cndigital.ar\/#breadcrumb\",\"itemListElement\":[{\"@type\":\"ListItem\",\"position\":1,\"name\":\"Portada\",\"item\":\"https:\/\/cndigital.ar\/\"},{\"@type\":\"ListItem\",\"position\":2,\"name\":\"Home\"}]},{\"@type\":\"WebSite\",\"@id\":\"https:\/\/cndigital.ar\/#website\",\"url\":\"https:\/\/cndigital.ar\/\",\"name\":\"CN Digital\",\"description\":\"Productora de Contenidos para Cablenet SA\",\"publisher\":{\"@id\":\"https:\/\/cndigital.ar\/#organization\"},\"potentialAction\":[{\"@type\":\"SearchAction\",\"target\":{\"@type\":\"EntryPoint\",\"urlTemplate\":\"https:\/\/cndigital.ar\/?s={search_term_string}\"},\"query-input\":{\"@type\":\"PropertyValueSpecification\",\"valueRequired\":true,\"valueName\":\"search_term_string\"}}],\"inLanguage\":\"es\"},{\"@type\":\"Organization\",\"@id\":\"https:\/\/cndigital.ar\/#organization\",\"name\":\"CN Digital\",\"url\":\"https:\/\/cndigital.ar\/\",\"logo\":{\"@type\":\"ImageObject\",\"inLanguage\":\"es\",\"@id\":\"https:\/\/cndigital.ar\/#\/schema\/logo\/image\/\",\"url\":\"https:\/\/cndigital.ar\/wp-content\/uploads\/2023\/03\/Logo_svg.svg\",\"contentUrl\":\"https:\/\/cndigital.ar\/wp-content\/uploads\/2023\/03\/Logo_svg.svg\",\"width\":175,\"height\":145,\"caption\":\"CN Digital\"},\"image\":{\"@id\":\"https:\/\/cndigital.ar\/#\/schema\/logo\/image\/\"}}]}<\/script>\n<!-- \/ Yoast SEO plugin. -->","yoast_head_json":{"title":"Home - CN Digital","robots":{"index":"index","follow":"follow","max-snippet":"max-snippet:-1","max-image-preview":"max-image-preview:large","max-video-preview":"max-video-preview:-1"},"canonical":"https:\/\/cndigital.ar\/","og_locale":"es_ES","og_type":"article","og_title":"Home - CN Digital","og_description":"Te acompa\u00f1amos en tus proyectos audiovisuales. Somos apasionados por la producci\u00f3n y realizaci\u00f3n de contenidos para Televisi\u00f3n lineal y por streaming. 4K Nuestros m\u00f3viles de exteriores est\u00e1n equipados con la mejor tecnolog\u00eda 4K. 4G Contamos con drones y mochilas para transmisiones v\u00eda 4G. Montamos un estudio de televisi\u00f3n en donde lo necesites. Generamos programas para [&hellip;]","og_url":"https:\/\/cndigital.ar\/","og_site_name":"CN Digital","article_modified_time":"2025-05-02T19:49:56+00:00","twitter_card":"summary_large_image","twitter_misc":{"Tiempo de lectura":"1 minuto"},"schema":{"@context":"https:\/\/schema.org","@graph":[{"@type":"WebPage","@id":"https:\/\/cndigital.ar\/","url":"https:\/\/cndigital.ar\/","name":"Home - CN Digital","isPartOf":{"@id":"https:\/\/cndigital.ar\/#website"},"primaryImageOfPage":{"@id":"https:\/\/cndigital.ar\/#primaryimage"},"image":{"@id":"https:\/\/cndigital.ar\/#primaryimage"},"thumbnailUrl":"https:\/\/cndigital.ar\/wp-content\/uploads\/2023\/03\/separate.svg","datePublished":"2023-03-08T15:04:30+00:00","dateModified":"2025-05-02T19:49:56+00:00","breadcrumb":{"@id":"https:\/\/cndigital.ar\/#breadcrumb"},"inLanguage":"es","potentialAction":[{"@type":"ReadAction","target":["https:\/\/cndigital.ar\/"]}]},{"@type":"ImageObject","inLanguage":"es","@id":"https:\/\/cndigital.ar\/#primaryimage","url":"https:\/\/cndigital.ar\/wp-content\/uploads\/2023\/03\/separate.svg","contentUrl":"https:\/\/cndigital.ar\/wp-content\/uploads\/2023\/03\/separate.svg","width":758,"height":10},{"@type":"BreadcrumbList","@id":"https:\/\/cndigital.ar\/#breadcrumb","itemListElement":[{"@type":"ListItem","position":1,"name":"Portada","item":"https:\/\/cndigital.ar\/"},{"@type":"ListItem","position":2,"name":"Home"}]},{"@type":"WebSite","@id":"https:\/\/cndigital.ar\/#website","url":"https:\/\/cndigital.ar\/","name":"CN Digital","description":"Productora de Contenidos para Cablenet SA","publisher":{"@id":"https:\/\/cndigital.ar\/#organization"},"potentialAction":[{"@type":"SearchAction","target":{"@type":"EntryPoint","urlTemplate":"https:\/\/cndigital.ar\/?s={search_term_string}"},"query-input":{"@type":"PropertyValueSpecification","valueRequired":true,"valueName":"search_term_string"}}],"inLanguage":"es"},{"@type":"Organization","@id":"https:\/\/cndigital.ar\/#organization","name":"CN Digital","url":"https:\/\/cndigital.ar\/","logo":{"@type":"ImageObject","inLanguage":"es","@id":"https:\/\/cndigital.ar\/#\/schema\/logo\/image\/","url":"https:\/\/cndigital.ar\/wp-content\/uploads\/2023\/03\/Logo_svg.svg","contentUrl":"https:\/\/cndigital.ar\/wp-content\/uploads\/2023\/03\/Logo_svg.svg","width":175,"height":145,"caption":"CN Digital"},"image":{"@id":"https:\/\/cndigital.ar\/#\/schema\/logo\/image\/"}}]}},"_links":{"self":[{"href":"https:\/\/cndigital.ar\/index.php?rest_route=\/wp\/v2\/pages\/39","targetHints":{"allow":["GET"]}}],"collection":[{"href":"https:\/\/cndigital.ar\/index.php?rest_route=\/wp\/v2\/pages"}],"about":[{"href":"https:\/\/cndigital.ar\/index.php?rest_route=\/wp\/v2\/types\/page"}],"author":[{"embeddable":true,"href":"https:\/\/cndigital.ar\/index.php?rest_route=\/wp\/v2\/users\/1"}],"replies":[{"embeddable":true,"href":"https:\/\/cndigital.ar\/index.php?rest_route=%2Fwp%2Fv2%2Fcomments&post=39"}],"version-history":[{"count":49,"href":"https:\/\/cndigital.ar\/index.php?rest_route=\/wp\/v2\/pages\/39\/revisions"}],"predecessor-version":[{"id":337,"href":"https:\/\/cndigital.ar\/index.php?rest_route=\/wp\/v2\/pages\/39\/revisions\/337"}],"wp:attachment":[{"href":"https:\/\/cndigital.ar\/index.php?rest_route=%2Fwp%2Fv2%2Fmedia&parent=39"}],"curies":[{"name":"wp","href":"https:\/\/api.w.org\/{rel}","templated":true}]}}