{"id":184,"date":"2023-04-03T15:23:36","date_gmt":"2023-04-03T15:23:36","guid":{"rendered":"https:\/\/cndigital.ar\/wordpress\/?page_id=184"},"modified":"2025-05-02T17:11:31","modified_gmt":"2025-05-02T20:11:31","slug":"proyectos","status":"publish","type":"page","link":"https:\/\/cndigital.ar\/?page_id=184","title":{"rendered":"Proyectos"},"content":{"rendered":"\t\t<div data-elementor-type=\"wp-page\" data-elementor-id=\"184\" class=\"elementor elementor-184\">\n\t\t\t\t\t\t<section class=\"elementor-section elementor-top-section elementor-element elementor-element-93bc29b elementor-section-boxed elementor-section-height-default elementor-section-height-default\" data-id=\"93bc29b\" data-element_type=\"section\">\n\t\t\t\t\t\t<div class=\"elementor-container elementor-column-gap-default\">\n\t\t\t\t\t<div class=\"elementor-column elementor-col-100 elementor-top-column elementor-element elementor-element-799aa48\" data-id=\"799aa48\" data-element_type=\"column\">\n\t\t\t<div class=\"elementor-widget-wrap elementor-element-populated\">\n\t\t\t\t\t\t<div class=\"elementor-element elementor-element-414bf03 elementor-widget elementor-widget-heading\" data-id=\"414bf03\" data-element_type=\"widget\" data-widget_type=\"heading.default\">\n\t\t\t\t<div class=\"elementor-widget-container\">\n\t\t\t\t\t<h2 class=\"elementor-heading-title elementor-size-default\">Conoc\u00e9 como trabajamos.<\/h2>\t\t\t\t<\/div>\n\t\t\t\t<\/div>\n\t\t\t\t<div class=\"elementor-element elementor-element-20a02a3 elementor-widget elementor-widget-heading\" data-id=\"20a02a3\" data-element_type=\"widget\" data-widget_type=\"heading.default\">\n\t\t\t\t<div class=\"elementor-widget-container\">\n\t\t\t\t\t<h2 class=\"elementor-heading-title elementor-size-default\">Estos son nuestros proyectos\nm\u00e1s recientes.<\/h2>\t\t\t\t<\/div>\n\t\t\t\t<\/div>\n\t\t\t\t\t<\/div>\n\t\t<\/div>\n\t\t\t\t\t<\/div>\n\t\t<\/section>\n\t\t\t\t<section class=\"elementor-section elementor-top-section elementor-element elementor-element-61c65ec elementor-section-boxed elementor-section-height-default elementor-section-height-default\" data-id=\"61c65ec\" data-element_type=\"section\">\n\t\t\t\t\t\t<div class=\"elementor-container elementor-column-gap-default\">\n\t\t\t\t\t<div class=\"elementor-column elementor-col-100 elementor-top-column elementor-element elementor-element-e895e17\" data-id=\"e895e17\" data-element_type=\"column\">\n\t\t\t<div class=\"elementor-widget-wrap elementor-element-populated\">\n\t\t\t\t\t\t<div class=\"elementor-element elementor-element-c764489 elementor-grid-3 elementor-grid-tablet-2 elementor-grid-mobile-1 elementor-posts--thumbnail-top elementor-posts--show-avatar elementor-card-shadow-yes elementor-posts__hover-gradient elementor-widget elementor-widget-posts\" data-id=\"c764489\" data-element_type=\"widget\" data-settings=\"{&quot;pagination_type&quot;:&quot;numbers&quot;,&quot;cards_masonry&quot;:&quot;yes&quot;,&quot;cards_columns&quot;:&quot;3&quot;,&quot;cards_columns_tablet&quot;:&quot;2&quot;,&quot;cards_columns_mobile&quot;:&quot;1&quot;,&quot;cards_row_gap&quot;:{&quot;unit&quot;:&quot;px&quot;,&quot;size&quot;:35,&quot;sizes&quot;:[]},&quot;cards_row_gap_tablet&quot;:{&quot;unit&quot;:&quot;px&quot;,&quot;size&quot;:&quot;&quot;,&quot;sizes&quot;:[]},&quot;cards_row_gap_mobile&quot;:{&quot;unit&quot;:&quot;px&quot;,&quot;size&quot;:&quot;&quot;,&quot;sizes&quot;:[]}}\" data-widget_type=\"posts.cards\">\n\t\t\t\t<div class=\"elementor-widget-container\">\n\t\t\t\t\t\t\t<div class=\"elementor-posts-container elementor-posts elementor-posts--skin-cards elementor-grid\">\n\t\t\t\t<article class=\"elementor-post elementor-grid-item post-261 post type-post status-publish format-standard has-post-thumbnail hentry category-uncategorized\">\n\t\t\t<div class=\"elementor-post__card\">\n\t\t\t\t<a class=\"elementor-post__thumbnail__link\" href=\"https:\/\/cndigital.ar\/?p=261\" ><div class=\"elementor-post__thumbnail\"><img fetchpriority=\"high\" decoding=\"async\" width=\"1920\" height=\"1080\" src=\"https:\/\/cndigital.ar\/wp-content\/uploads\/2023\/04\/almuerzo.jpg\" class=\"attachment-full size-full wp-image-225\" alt=\"\" srcset=\"https:\/\/cndigital.ar\/wp-content\/uploads\/2023\/04\/almuerzo.jpg 1920w, https:\/\/cndigital.ar\/wp-content\/uploads\/2023\/04\/almuerzo-300x169.jpg 300w, https:\/\/cndigital.ar\/wp-content\/uploads\/2023\/04\/almuerzo-1024x576.jpg 1024w, https:\/\/cndigital.ar\/wp-content\/uploads\/2023\/04\/almuerzo-768x432.jpg 768w, https:\/\/cndigital.ar\/wp-content\/uploads\/2023\/04\/almuerzo-1536x864.jpg 1536w\" sizes=\"(max-width: 1920px) 100vw, 1920px\" \/><\/div><\/a>\n\t\t\t\t<div class=\"elementor-post__avatar\">\n\t\t\t\t\t<\/div>\n\t\t\t\t<div class=\"elementor-post__text\">\n\t\t\t\t<h3 class=\"elementor-post__title\">\n\t\t\t<a href=\"https:\/\/cndigital.ar\/?p=261\" >\n\t\t\t\t100 a\u00f1os del Club Dep. Jorge Newbery\t\t\t<\/a>\n\t\t<\/h3>\n\t\t\t\t<div class=\"elementor-post__excerpt\">\n\t\t\t<p>100 a\u00f1os del Club Dep. Jorge Newbery. Para cerrar un ciclo de entrevistas producidos y emitidos en el canal local,<\/p>\n\t\t<\/div>\n\t\t\n\t\t<a class=\"elementor-post__read-more\" href=\"https:\/\/cndigital.ar\/?p=261\" aria-label=\"Read more about 100 a\u00f1os del Club Dep. Jorge Newbery\" >\n\t\t\tVer m\u00e1s \u00bb\t\t<\/a>\n\n\t\t\t\t<\/div>\n\t\t\t\t\t<\/div>\n\t\t<\/article>\n\t\t\t\t<article class=\"elementor-post elementor-grid-item post-241 post type-post status-publish format-standard has-post-thumbnail hentry category-uncategorized\">\n\t\t\t<div class=\"elementor-post__card\">\n\t\t\t\t<a class=\"elementor-post__thumbnail__link\" href=\"https:\/\/cndigital.ar\/?p=241\" ><div class=\"elementor-post__thumbnail\"><img decoding=\"async\" width=\"1530\" height=\"1428\" src=\"https:\/\/cndigital.ar\/wp-content\/uploads\/2023\/04\/Colectividades1-e1680550089780.jpg\" class=\"attachment-full size-full wp-image-190\" alt=\"\" srcset=\"https:\/\/cndigital.ar\/wp-content\/uploads\/2023\/04\/Colectividades1-e1680550089780.jpg 1530w, https:\/\/cndigital.ar\/wp-content\/uploads\/2023\/04\/Colectividades1-e1680550089780-300x280.jpg 300w, https:\/\/cndigital.ar\/wp-content\/uploads\/2023\/04\/Colectividades1-e1680550089780-1024x956.jpg 1024w, https:\/\/cndigital.ar\/wp-content\/uploads\/2023\/04\/Colectividades1-e1680550089780-768x717.jpg 768w\" sizes=\"(max-width: 1530px) 100vw, 1530px\" \/><\/div><\/a>\n\t\t\t\t<div class=\"elementor-post__avatar\">\n\t\t\t\t\t<\/div>\n\t\t\t\t<div class=\"elementor-post__text\">\n\t\t\t\t<h3 class=\"elementor-post__title\">\n\t\t\t<a href=\"https:\/\/cndigital.ar\/?p=241\" >\n\t\t\t\tFiesta Provincial de los Carnavales\t\t\t<\/a>\n\t\t<\/h3>\n\t\t\t\t<div class=\"elementor-post__excerpt\">\n\t\t\t<p>Fiesta Provincial de los Carnavales. Desde la ciudad de Sastre se realiz\u00f3 la cobertura de la noche de apertura y<\/p>\n\t\t<\/div>\n\t\t\n\t\t<a class=\"elementor-post__read-more\" href=\"https:\/\/cndigital.ar\/?p=241\" aria-label=\"Read more about Fiesta Provincial de los Carnavales\" >\n\t\t\tVer m\u00e1s \u00bb\t\t<\/a>\n\n\t\t\t\t<\/div>\n\t\t\t\t\t<\/div>\n\t\t<\/article>\n\t\t\t\t<article class=\"elementor-post elementor-grid-item post-234 post type-post status-publish format-standard has-post-thumbnail hentry category-uncategorized\">\n\t\t\t<div class=\"elementor-post__card\">\n\t\t\t\t<a class=\"elementor-post__thumbnail__link\" href=\"https:\/\/cndigital.ar\/?p=234\" ><div class=\"elementor-post__thumbnail\"><img decoding=\"async\" width=\"1920\" height=\"1080\" src=\"https:\/\/cndigital.ar\/wp-content\/uploads\/2023\/04\/basquet.jpg\" class=\"attachment-full size-full wp-image-226\" alt=\"\" srcset=\"https:\/\/cndigital.ar\/wp-content\/uploads\/2023\/04\/basquet.jpg 1920w, https:\/\/cndigital.ar\/wp-content\/uploads\/2023\/04\/basquet-300x169.jpg 300w, https:\/\/cndigital.ar\/wp-content\/uploads\/2023\/04\/basquet-1024x576.jpg 1024w, https:\/\/cndigital.ar\/wp-content\/uploads\/2023\/04\/basquet-768x432.jpg 768w, https:\/\/cndigital.ar\/wp-content\/uploads\/2023\/04\/basquet-1536x864.jpg 1536w\" sizes=\"(max-width: 1920px) 100vw, 1920px\" \/><\/div><\/a>\n\t\t\t\t<div class=\"elementor-post__avatar\">\n\t\t\t\t\t<\/div>\n\t\t\t\t<div class=\"elementor-post__text\">\n\t\t\t\t<h3 class=\"elementor-post__title\">\n\t\t\t<a href=\"https:\/\/cndigital.ar\/?p=234\" >\n\t\t\t\tFinal Torneo Asoc Civ del B\u00e1squet del Oeste Santafesino\t\t\t<\/a>\n\t\t<\/h3>\n\t\t\t\t<div class=\"elementor-post__excerpt\">\n\t\t\t<p>Fiesta Departamental de Colectividades G\u00e1lvez. Luego de la cobertura del campeonato durante todo el a\u00f1o, se realiz\u00f3 la transmisi\u00f3n en<\/p>\n\t\t<\/div>\n\t\t\n\t\t<a class=\"elementor-post__read-more\" href=\"https:\/\/cndigital.ar\/?p=234\" aria-label=\"Read more about Final Torneo Asoc Civ del B\u00e1squet del Oeste Santafesino\" >\n\t\t\tVer m\u00e1s \u00bb\t\t<\/a>\n\n\t\t\t\t<\/div>\n\t\t\t\t\t<\/div>\n\t\t<\/article>\n\t\t\t\t<article class=\"elementor-post elementor-grid-item post-221 post type-post status-publish format-standard has-post-thumbnail hentry category-uncategorized\">\n\t\t\t<div class=\"elementor-post__card\">\n\t\t\t\t<a class=\"elementor-post__thumbnail__link\" href=\"https:\/\/cndigital.ar\/?p=221\" ><div class=\"elementor-post__thumbnail\"><img loading=\"lazy\" decoding=\"async\" width=\"1920\" height=\"1080\" src=\"https:\/\/cndigital.ar\/wp-content\/uploads\/2023\/04\/futbol.jpg\" class=\"attachment-full size-full wp-image-227\" alt=\"\" srcset=\"https:\/\/cndigital.ar\/wp-content\/uploads\/2023\/04\/futbol.jpg 1920w, https:\/\/cndigital.ar\/wp-content\/uploads\/2023\/04\/futbol-300x169.jpg 300w, https:\/\/cndigital.ar\/wp-content\/uploads\/2023\/04\/futbol-1024x576.jpg 1024w, https:\/\/cndigital.ar\/wp-content\/uploads\/2023\/04\/futbol-768x432.jpg 768w, https:\/\/cndigital.ar\/wp-content\/uploads\/2023\/04\/futbol-1536x864.jpg 1536w\" sizes=\"(max-width: 1920px) 100vw, 1920px\" \/><\/div><\/a>\n\t\t\t\t<div class=\"elementor-post__avatar\">\n\t\t\t\t\t<\/div>\n\t\t\t\t<div class=\"elementor-post__text\">\n\t\t\t\t<h3 class=\"elementor-post__title\">\n\t\t\t<a href=\"https:\/\/cndigital.ar\/?p=221\" >\n\t\t\t\tFinal Absoluta Liga del F\u00fatbol Galvense 2022\t\t\t<\/a>\n\t\t<\/h3>\n\t\t\t\t<div class=\"elementor-post__excerpt\">\n\t\t\t<p>Final Absoluta Liga del F\u00fatbol Galvense 2022. Desde el estadio \u00abBeto Acosta\u00bb se realiz\u00f3 transmisi\u00f3n con previa, partido y penales,<\/p>\n\t\t<\/div>\n\t\t\n\t\t<a class=\"elementor-post__read-more\" href=\"https:\/\/cndigital.ar\/?p=221\" aria-label=\"Read more about Final Absoluta Liga del F\u00fatbol Galvense 2022\" >\n\t\t\tVer m\u00e1s \u00bb\t\t<\/a>\n\n\t\t\t\t<\/div>\n\t\t\t\t\t<\/div>\n\t\t<\/article>\n\t\t\t\t<article class=\"elementor-post elementor-grid-item post-209 post type-post status-publish format-standard has-post-thumbnail hentry category-uncategorized\">\n\t\t\t<div class=\"elementor-post__card\">\n\t\t\t\t<a class=\"elementor-post__thumbnail__link\" href=\"https:\/\/cndigital.ar\/?p=209\" ><div class=\"elementor-post__thumbnail\"><img loading=\"lazy\" decoding=\"async\" width=\"1280\" height=\"590\" src=\"https:\/\/cndigital.ar\/wp-content\/uploads\/2023\/04\/Gaucho.jpg\" class=\"attachment-full size-full wp-image-191\" alt=\"\" srcset=\"https:\/\/cndigital.ar\/wp-content\/uploads\/2023\/04\/Gaucho.jpg 1280w, https:\/\/cndigital.ar\/wp-content\/uploads\/2023\/04\/Gaucho-300x138.jpg 300w, https:\/\/cndigital.ar\/wp-content\/uploads\/2023\/04\/Gaucho-1024x472.jpg 1024w, https:\/\/cndigital.ar\/wp-content\/uploads\/2023\/04\/Gaucho-768x354.jpg 768w\" sizes=\"(max-width: 1280px) 100vw, 1280px\" \/><\/div><\/a>\n\t\t\t\t<div class=\"elementor-post__avatar\">\n\t\t\t\t\t<\/div>\n\t\t\t\t<div class=\"elementor-post__text\">\n\t\t\t\t<h3 class=\"elementor-post__title\">\n\t\t\t<a href=\"https:\/\/cndigital.ar\/?p=209\" >\n\t\t\t\tFiesta Provincial del Gaucho\t\t\t<\/a>\n\t\t<\/h3>\n\t\t\t\t<div class=\"elementor-post__excerpt\">\n\t\t\t<p>Fiesta Provincial del Gaucho. En San Mart\u00edn de las Escobas se transmite la noche principal donde hay jineteada, ballets y<\/p>\n\t\t<\/div>\n\t\t\n\t\t<a class=\"elementor-post__read-more\" href=\"https:\/\/cndigital.ar\/?p=209\" aria-label=\"Read more about Fiesta Provincial del Gaucho\" >\n\t\t\tVer m\u00e1s \u00bb\t\t<\/a>\n\n\t\t\t\t<\/div>\n\t\t\t\t\t<\/div>\n\t\t<\/article>\n\t\t\t\t<article class=\"elementor-post elementor-grid-item post-195 post type-post status-publish format-standard has-post-thumbnail hentry category-uncategorized\">\n\t\t\t<div class=\"elementor-post__card\">\n\t\t\t\t<a class=\"elementor-post__thumbnail__link\" href=\"https:\/\/cndigital.ar\/?p=195\" ><div class=\"elementor-post__thumbnail\"><img loading=\"lazy\" decoding=\"async\" width=\"2048\" height=\"1538\" src=\"https:\/\/cndigital.ar\/wp-content\/uploads\/2023\/04\/Colectividades-1.jpg\" class=\"attachment-full size-full wp-image-224\" alt=\"\" srcset=\"https:\/\/cndigital.ar\/wp-content\/uploads\/2023\/04\/Colectividades-1.jpg 2048w, https:\/\/cndigital.ar\/wp-content\/uploads\/2023\/04\/Colectividades-1-300x225.jpg 300w, https:\/\/cndigital.ar\/wp-content\/uploads\/2023\/04\/Colectividades-1-1024x769.jpg 1024w, https:\/\/cndigital.ar\/wp-content\/uploads\/2023\/04\/Colectividades-1-768x577.jpg 768w, https:\/\/cndigital.ar\/wp-content\/uploads\/2023\/04\/Colectividades-1-1536x1154.jpg 1536w\" sizes=\"(max-width: 2048px) 100vw, 2048px\" \/><\/div><\/a>\n\t\t\t\t<div class=\"elementor-post__avatar\">\n\t\t\t\t\t<\/div>\n\t\t\t\t<div class=\"elementor-post__text\">\n\t\t\t\t<h3 class=\"elementor-post__title\">\n\t\t\t<a href=\"https:\/\/cndigital.ar\/?p=195\" >\n\t\t\t\tFiesta Departamental de Colectividades G\u00e1lvez\t\t\t<\/a>\n\t\t<\/h3>\n\t\t\t\t<div class=\"elementor-post__excerpt\">\n\t\t\t<p>Fiesta Departamental de Colectividades G\u00e1lvez. Se desarrolla anualmente en el mes de Febrero en la Plaza de las madres, cuenta<\/p>\n\t\t<\/div>\n\t\t\n\t\t<a class=\"elementor-post__read-more\" href=\"https:\/\/cndigital.ar\/?p=195\" aria-label=\"Read more about Fiesta Departamental de Colectividades G\u00e1lvez\" >\n\t\t\tVer m\u00e1s \u00bb\t\t<\/a>\n\n\t\t\t\t<\/div>\n\t\t\t\t\t<\/div>\n\t\t<\/article>\n\t\t\t\t<\/div>\n\t\t\n\t\t\t\t\t\t<\/div>\n\t\t\t\t<\/div>\n\t\t\t\t\t<\/div>\n\t\t<\/div>\n\t\t\t\t\t<\/div>\n\t\t<\/section>\n\t\t\t\t<section class=\"elementor-section elementor-top-section elementor-element elementor-element-4619dd3 elementor-section-full_width elementor-section-height-min-height elementor-section-stretched elementor-section-height-default elementor-section-items-middle\" data-id=\"4619dd3\" data-element_type=\"section\" data-settings=\"{&quot;stretch_section&quot;:&quot;section-stretched&quot;,&quot;background_background&quot;:&quot;classic&quot;}\">\n\t\t\t\t\t\t<div class=\"elementor-container elementor-column-gap-default\">\n\t\t\t\t\t<div class=\"elementor-column elementor-col-100 elementor-top-column elementor-element elementor-element-904d1a5\" data-id=\"904d1a5\" data-element_type=\"column\">\n\t\t\t<div class=\"elementor-widget-wrap elementor-element-populated\">\n\t\t\t\t\t\t<section class=\"elementor-section elementor-inner-section elementor-element elementor-element-387497d elementor-section-boxed elementor-section-height-default elementor-section-height-default\" data-id=\"387497d\" data-element_type=\"section\">\n\t\t\t\t\t\t<div class=\"elementor-container elementor-column-gap-default\">\n\t\t\t\t\t<div class=\"elementor-column elementor-col-100 elementor-inner-column elementor-element elementor-element-21ae111\" data-id=\"21ae111\" data-element_type=\"column\">\n\t\t\t<div class=\"elementor-widget-wrap elementor-element-populated\">\n\t\t\t\t\t\t<div class=\"elementor-element elementor-element-ccce31a elementor-widget elementor-widget-heading\" data-id=\"ccce31a\" data-element_type=\"widget\" data-widget_type=\"heading.default\">\n\t\t\t\t<div class=\"elementor-widget-container\">\n\t\t\t\t\t<h2 class=\"elementor-heading-title elementor-size-default\">\u00bfNecesitas ayuda?<\/h2>\t\t\t\t<\/div>\n\t\t\t\t<\/div>\n\t\t\t\t<div class=\"elementor-element elementor-element-29f0ad8 elementor-widget elementor-widget-heading\" data-id=\"29f0ad8\" data-element_type=\"widget\" data-widget_type=\"heading.default\">\n\t\t\t\t<div class=\"elementor-widget-container\">\n\t\t\t\t\t<h2 class=\"elementor-heading-title elementor-size-default\">Contactate con nosotros.<\/h2>\t\t\t\t<\/div>\n\t\t\t\t<\/div>\n\t\t\t\t<div class=\"elementor-element elementor-element-bf78d6b elementor-align-center elementor-widget elementor-widget-button\" data-id=\"bf78d6b\" data-element_type=\"widget\" data-widget_type=\"button.default\">\n\t\t\t\t<div class=\"elementor-widget-container\">\n\t\t\t\t\t\t\t\t\t<div class=\"elementor-button-wrapper\">\n\t\t\t\t\t<a class=\"elementor-button elementor-button-link elementor-size-md\" href=\"#\">\n\t\t\t\t\t\t<span class=\"elementor-button-content-wrapper\">\n\t\t\t\t\t\t\t\t\t<span class=\"elementor-button-text\">Escribinos<\/span>\n\t\t\t\t\t<\/span>\n\t\t\t\t\t<\/a>\n\t\t\t\t<\/div>\n\t\t\t\t\t\t\t\t<\/div>\n\t\t\t\t<\/div>\n\t\t\t\t\t<\/div>\n\t\t<\/div>\n\t\t\t\t\t<\/div>\n\t\t<\/section>\n\t\t\t\t\t<\/div>\n\t\t<\/div>\n\t\t\t\t\t<\/div>\n\t\t<\/section>\n\t\t\t\t<\/div>\n\t\t","protected":false},"excerpt":{"rendered":"<p>Conoc\u00e9 como trabajamos. Estos son nuestros proyectos m\u00e1s recientes. \u00bfNecesitas ayuda? Contactate con nosotros. Escribinos<\/p>\n","protected":false},"author":1,"featured_media":0,"parent":0,"menu_order":0,"comment_status":"closed","ping_status":"closed","template":"","meta":{"footnotes":""},"class_list":["post-184","page","type-page","status-publish","hentry"],"yoast_head":"<!-- This site is optimized with the Yoast SEO plugin v25.0 - https:\/\/yoast.com\/wordpress\/plugins\/seo\/ -->\n<title>Proyectos - CN Digital<\/title>\n<meta name=\"robots\" content=\"index, follow, max-snippet:-1, max-image-preview:large, max-video-preview:-1\" \/>\n<link rel=\"canonical\" href=\"https:\/\/cndigital.ar\/?page_id=184\" \/>\n<meta property=\"og:locale\" content=\"es_ES\" \/>\n<meta property=\"og:type\" content=\"article\" \/>\n<meta property=\"og:title\" content=\"Proyectos - CN Digital\" \/>\n<meta property=\"og:description\" content=\"Conoc\u00e9 como trabajamos. Estos son nuestros proyectos m\u00e1s recientes. \u00bfNecesitas ayuda? Contactate con nosotros. Escribinos\" \/>\n<meta property=\"og:url\" content=\"https:\/\/cndigital.ar\/?page_id=184\" \/>\n<meta property=\"og:site_name\" content=\"CN Digital\" \/>\n<meta property=\"article:modified_time\" content=\"2025-05-02T20:11:31+00:00\" \/>\n<meta name=\"twitter:card\" content=\"summary_large_image\" \/>\n<meta name=\"twitter:label1\" content=\"Tiempo de lectura\" \/>\n\t<meta name=\"twitter:data1\" content=\"3 minutos\" \/>\n<script type=\"application\/ld+json\" class=\"yoast-schema-graph\">{\"@context\":\"https:\/\/schema.org\",\"@graph\":[{\"@type\":\"WebPage\",\"@id\":\"https:\/\/cndigital.ar\/?page_id=184\",\"url\":\"https:\/\/cndigital.ar\/?page_id=184\",\"name\":\"Proyectos - CN Digital\",\"isPartOf\":{\"@id\":\"https:\/\/cndigital.ar\/#website\"},\"datePublished\":\"2023-04-03T15:23:36+00:00\",\"dateModified\":\"2025-05-02T20:11:31+00:00\",\"breadcrumb\":{\"@id\":\"https:\/\/cndigital.ar\/?page_id=184#breadcrumb\"},\"inLanguage\":\"es\",\"potentialAction\":[{\"@type\":\"ReadAction\",\"target\":[\"https:\/\/cndigital.ar\/?page_id=184\"]}]},{\"@type\":\"BreadcrumbList\",\"@id\":\"https:\/\/cndigital.ar\/?page_id=184#breadcrumb\",\"itemListElement\":[{\"@type\":\"ListItem\",\"position\":1,\"name\":\"Portada\",\"item\":\"https:\/\/cndigital.ar\/\"},{\"@type\":\"ListItem\",\"position\":2,\"name\":\"Proyectos\"}]},{\"@type\":\"WebSite\",\"@id\":\"https:\/\/cndigital.ar\/#website\",\"url\":\"https:\/\/cndigital.ar\/\",\"name\":\"CN Digital\",\"description\":\"Productora de Contenidos para Cablenet SA\",\"publisher\":{\"@id\":\"https:\/\/cndigital.ar\/#organization\"},\"potentialAction\":[{\"@type\":\"SearchAction\",\"target\":{\"@type\":\"EntryPoint\",\"urlTemplate\":\"https:\/\/cndigital.ar\/?s={search_term_string}\"},\"query-input\":{\"@type\":\"PropertyValueSpecification\",\"valueRequired\":true,\"valueName\":\"search_term_string\"}}],\"inLanguage\":\"es\"},{\"@type\":\"Organization\",\"@id\":\"https:\/\/cndigital.ar\/#organization\",\"name\":\"CN Digital\",\"url\":\"https:\/\/cndigital.ar\/\",\"logo\":{\"@type\":\"ImageObject\",\"inLanguage\":\"es\",\"@id\":\"https:\/\/cndigital.ar\/#\/schema\/logo\/image\/\",\"url\":\"https:\/\/cndigital.ar\/wp-content\/uploads\/2023\/03\/Logo_svg.svg\",\"contentUrl\":\"https:\/\/cndigital.ar\/wp-content\/uploads\/2023\/03\/Logo_svg.svg\",\"width\":175,\"height\":145,\"caption\":\"CN Digital\"},\"image\":{\"@id\":\"https:\/\/cndigital.ar\/#\/schema\/logo\/image\/\"}}]}<\/script>\n<!-- \/ Yoast SEO plugin. -->","yoast_head_json":{"title":"Proyectos - CN Digital","robots":{"index":"index","follow":"follow","max-snippet":"max-snippet:-1","max-image-preview":"max-image-preview:large","max-video-preview":"max-video-preview:-1"},"canonical":"https:\/\/cndigital.ar\/?page_id=184","og_locale":"es_ES","og_type":"article","og_title":"Proyectos - CN Digital","og_description":"Conoc\u00e9 como trabajamos. Estos son nuestros proyectos m\u00e1s recientes. \u00bfNecesitas ayuda? Contactate con nosotros. Escribinos","og_url":"https:\/\/cndigital.ar\/?page_id=184","og_site_name":"CN Digital","article_modified_time":"2025-05-02T20:11:31+00:00","twitter_card":"summary_large_image","twitter_misc":{"Tiempo de lectura":"3 minutos"},"schema":{"@context":"https:\/\/schema.org","@graph":[{"@type":"WebPage","@id":"https:\/\/cndigital.ar\/?page_id=184","url":"https:\/\/cndigital.ar\/?page_id=184","name":"Proyectos - CN Digital","isPartOf":{"@id":"https:\/\/cndigital.ar\/#website"},"datePublished":"2023-04-03T15:23:36+00:00","dateModified":"2025-05-02T20:11:31+00:00","breadcrumb":{"@id":"https:\/\/cndigital.ar\/?page_id=184#breadcrumb"},"inLanguage":"es","potentialAction":[{"@type":"ReadAction","target":["https:\/\/cndigital.ar\/?page_id=184"]}]},{"@type":"BreadcrumbList","@id":"https:\/\/cndigital.ar\/?page_id=184#breadcrumb","itemListElement":[{"@type":"ListItem","position":1,"name":"Portada","item":"https:\/\/cndigital.ar\/"},{"@type":"ListItem","position":2,"name":"Proyectos"}]},{"@type":"WebSite","@id":"https:\/\/cndigital.ar\/#website","url":"https:\/\/cndigital.ar\/","name":"CN Digital","description":"Productora de Contenidos para Cablenet SA","publisher":{"@id":"https:\/\/cndigital.ar\/#organization"},"potentialAction":[{"@type":"SearchAction","target":{"@type":"EntryPoint","urlTemplate":"https:\/\/cndigital.ar\/?s={search_term_string}"},"query-input":{"@type":"PropertyValueSpecification","valueRequired":true,"valueName":"search_term_string"}}],"inLanguage":"es"},{"@type":"Organization","@id":"https:\/\/cndigital.ar\/#organization","name":"CN Digital","url":"https:\/\/cndigital.ar\/","logo":{"@type":"ImageObject","inLanguage":"es","@id":"https:\/\/cndigital.ar\/#\/schema\/logo\/image\/","url":"https:\/\/cndigital.ar\/wp-content\/uploads\/2023\/03\/Logo_svg.svg","contentUrl":"https:\/\/cndigital.ar\/wp-content\/uploads\/2023\/03\/Logo_svg.svg","width":175,"height":145,"caption":"CN Digital"},"image":{"@id":"https:\/\/cndigital.ar\/#\/schema\/logo\/image\/"}}]}},"_links":{"self":[{"href":"https:\/\/cndigital.ar\/index.php?rest_route=\/wp\/v2\/pages\/184","targetHints":{"allow":["GET"]}}],"collection":[{"href":"https:\/\/cndigital.ar\/index.php?rest_route=\/wp\/v2\/pages"}],"about":[{"href":"https:\/\/cndigital.ar\/index.php?rest_route=\/wp\/v2\/types\/page"}],"author":[{"embeddable":true,"href":"https:\/\/cndigital.ar\/index.php?rest_route=\/wp\/v2\/users\/1"}],"replies":[{"embeddable":true,"href":"https:\/\/cndigital.ar\/index.php?rest_route=%2Fwp%2Fv2%2Fcomments&post=184"}],"version-history":[{"count":16,"href":"https:\/\/cndigital.ar\/index.php?rest_route=\/wp\/v2\/pages\/184\/revisions"}],"predecessor-version":[{"id":358,"href":"https:\/\/cndigital.ar\/index.php?rest_route=\/wp\/v2\/pages\/184\/revisions\/358"}],"wp:attachment":[{"href":"https:\/\/cndigital.ar\/index.php?rest_route=%2Fwp%2Fv2%2Fmedia&parent=184"}],"curies":[{"name":"wp","href":"https:\/\/api.w.org\/{rel}","templated":true}]}}